{"id":13017,"date":"2024-10-14T09:29:04","date_gmt":"2024-10-14T07:29:04","guid":{"rendered":"https:\/\/lapalomaevent.rwdesarrollos.es\/la-paloma-consulting\/"},"modified":"2024-10-22T09:57:41","modified_gmt":"2024-10-22T07:57:41","slug":"la-paloma-consulting","status":"publish","type":"page","link":"https:\/\/lapalomaevent.rwdesarrollos.es\/sv\/la-paloma-consulting\/","title":{"rendered":"La Paloma Consulting"},"content":{"rendered":"<p>[et_pb_section fb_built=&#8221;1&#8243; custom_padding_last_edited=&#8221;on|desktop&#8221; _builder_version=&#8221;4.24.2&#8243; background_color=&#8221;RGBA(255,255,255,0)&#8221; background_image=&#8221;https:\/\/lapalomaevent.rwdesarrollos.es\/wp-content\/uploads\/2024\/10\/la-paloma-consulting.jpg&#8221; background_blend=&#8221;multiply&#8221; min_height=&#8221;55vh&#8221; custom_padding_tablet=&#8221;50px|0|50px|0&#8243; custom_padding_phone=&#8221;&#8221; transparent_background=&#8221;off&#8221; padding_mobile=&#8221;off&#8221; locked=&#8221;off&#8221; global_colors_info=&#8221;{}&#8221;][\/et_pb_section][et_pb_section fb_built=&#8221;1&#8243; custom_padding_last_edited=&#8221;on|desktop&#8221; module_id=&#8221;contact&#8221; _builder_version=&#8221;4.16&#8243; background_color=&#8221;#ffffff&#8221; custom_padding_tablet=&#8221;50px|0|50px|0&#8243; custom_padding_phone=&#8221;&#8221; transparent_background=&#8221;off&#8221; padding_mobile=&#8221;off&#8221; locked=&#8221;off&#8221; global_colors_info=&#8221;{}&#8221;][et_pb_row column_structure=&#8221;1_2,1_2&#8243; padding_mobile=&#8221;off&#8221; make_equal=&#8221;on&#8221; column_padding_mobile=&#8221;on&#8221; module_class=&#8221;center-vertically&#8221; _builder_version=&#8221;4.24.2&#8243; background_size=&#8221;initial&#8221; background_position=&#8221;top_left&#8221; background_repeat=&#8221;repeat&#8221; hover_enabled=&#8221;0&#8243; global_colors_info=&#8221;{}&#8221; sticky_enabled=&#8221;0&#8243;][et_pb_column type=&#8221;1_2&#8243; _builder_version=&#8221;4.24.2&#8243; custom_padding=&#8221;|||&#8221; hover_enabled=&#8221;0&#8243; global_colors_info=&#8221;{}&#8221; custom_padding__hover=&#8221;|||&#8221; module_class=&#8221;columna-izquierda&#8221; sticky_enabled=&#8221;0&#8243;][et_pb_text _builder_version=&#8221;4.24.2&#8243; _module_preset=&#8221;default&#8221; text_font=&#8221;|300|||||||&#8221; text_text_color=&#8221;#0a0a0a&#8221; text_font_size=&#8221;20px&#8221; text_line_height=&#8221;1.5em&#8221; header_text_color=&#8221;#0a0a0a&#8221; header_2_text_color=&#8221;#0a0a0a&#8221; header_2_font_size=&#8221;38px&#8221; global_colors_info=&#8221;{}&#8221;]<\/p>\n<h2>La Paloma Consulting<\/h2>\n<p>L\u00e5t oss dela med oss av v\u00e5r erfarenhet \u2013 det kan bli nyckeln till er framg\u00e5ng! Vi \u00e4r inte advokater, skatteexperter eller en fastighetsbyr\u00e5. Men under v\u00e5ra 40 \u00e5r p\u00e5 Mallorca har vi hj\u00e4lpt till att etablera flera f\u00f6retag, och vi \u00e4r \u00f6vertygade om att vi har den b\u00e4sta redovisningsbyr\u00e5n p\u00e5 \u00f6n. L\u00e5t oss guida er genom byr\u00e5kratins djungel f\u00f6r att hj\u00e4lpa er n\u00e5 era m\u00e5l. Spara tid, spara pengar.<\/p>\n<p>Vi \u00e4r en konsultbyr\u00e5 specialiserad p\u00e5 r\u00e5dgivning inom olika omr\u00e5den s\u00e5som s\u00e4kerhet, rekrytering, management, fastighetssektorn, skatter och f\u00f6retagorganisation, samt administrativa tj\u00e4nster, f\u00f6retags- eller privatfinansiering och bankfr\u00e5gor, eller andra specialiserade omr\u00e5den. Oavsett vilka krav ni har \u2013 vi kan assistera er genom hela processen eller bara \u00f6ppna d\u00f6rren f\u00f6r er!<\/p>\n<p>[\/et_pb_text][\/et_pb_column][et_pb_column type=&#8221;1_2&#8243; _builder_version=&#8221;4.24.2&#8243; custom_padding=&#8221;|||&#8221; hover_enabled=&#8221;0&#8243; global_colors_info=&#8221;{}&#8221; custom_padding__hover=&#8221;|||&#8221; module_class=&#8221;columna-derecha&#8221; sticky_enabled=&#8221;0&#8243;][et_pb_image src=&#8221;https:\/\/lapalomaevent.rwdesarrollos.es\/wp-content\/uploads\/2021\/03\/Consulting-1.jpg&#8221; alt=&#8221;Consulting&#8221; title_text=&#8221;Consulting 1&#8243; align_tablet=&#8221;center&#8221; align_phone=&#8221;&#8221; align_last_edited=&#8221;on|desktop&#8221; _builder_version=&#8221;4.24.2&#8243; animation_style=&#8221;slide&#8221; animation_direction=&#8221;left&#8221; animation_duration=&#8221;500ms&#8221; animation_intensity_slide=&#8221;10%&#8221; use_border_color=&#8221;off&#8221; border_color=&#8221;#ffffff&#8221; border_style=&#8221;solid&#8221; animation=&#8221;left&#8221; sticky=&#8221;off&#8221; global_colors_info=&#8221;{}&#8221;]<\/p>\n<p>\n&nbsp;<\/p>\n<p>[\/et_pb_image][\/et_pb_column][\/et_pb_row][\/et_pb_section]<\/p>\n","protected":false},"excerpt":{"rendered":"<p>La Paloma Consulting L\u00e5t oss dela med oss av v\u00e5r erfarenhet \u2013 det kan bli nyckeln till er framg\u00e5ng! Vi \u00e4r inte advokater, skatteexperter eller en fastighetsbyr\u00e5. Men under v\u00e5ra 40 \u00e5r p\u00e5 Mallorca har vi hj\u00e4lpt till att etablera flera f\u00f6retag, och vi \u00e4r \u00f6vertygade om att vi har den b\u00e4sta redovisningsbyr\u00e5n p\u00e5 \u00f6n. [&hellip;]<\/p>\n","protected":false},"author":2,"featured_media":0,"parent":0,"menu_order":0,"comment_status":"closed","ping_status":"closed","template":"","meta":{"_et_pb_use_builder":"on","_et_pb_old_content":"","_et_gb_content_width":"","om_disable_all_campaigns":false,"_monsterinsights_skip_tracking":false,"_monsterinsights_sitenote_active":false,"_monsterinsights_sitenote_note":"","_monsterinsights_sitenote_category":0,"footnotes":""},"class_list":["post-13017","page","type-page","status-publish","hentry"],"aioseo_notices":[],"_links":{"self":[{"href":"https:\/\/lapalomaevent.rwdesarrollos.es\/sv\/wp-json\/wp\/v2\/pages\/13017"}],"collection":[{"href":"https:\/\/lapalomaevent.rwdesarrollos.es\/sv\/wp-json\/wp\/v2\/pages"}],"about":[{"href":"https:\/\/lapalomaevent.rwdesarrollos.es\/sv\/wp-json\/wp\/v2\/types\/page"}],"author":[{"embeddable":true,"href":"https:\/\/lapalomaevent.rwdesarrollos.es\/sv\/wp-json\/wp\/v2\/users\/2"}],"replies":[{"embeddable":true,"href":"https:\/\/lapalomaevent.rwdesarrollos.es\/sv\/wp-json\/wp\/v2\/comments?post=13017"}],"version-history":[{"count":12,"href":"https:\/\/lapalomaevent.rwdesarrollos.es\/sv\/wp-json\/wp\/v2\/pages\/13017\/revisions"}],"predecessor-version":[{"id":13457,"href":"https:\/\/lapalomaevent.rwdesarrollos.es\/sv\/wp-json\/wp\/v2\/pages\/13017\/revisions\/13457"}],"wp:attachment":[{"href":"https:\/\/lapalomaevent.rwdesarrollos.es\/sv\/wp-json\/wp\/v2\/media?parent=13017"}],"curies":[{"name":"wp","href":"https:\/\/api.w.org\/{rel}","templated":true}]}}